{"id":95,"date":"2018-05-29T08:14:52","date_gmt":"2018-05-29T06:14:52","guid":{"rendered":"http:\/\/insel-rab.de\/wordpress\/?page_id=95"},"modified":"2026-02-09T11:57:21","modified_gmt":"2026-02-09T10:57:21","slug":"95-2","status":"publish","type":"page","link":"https:\/\/www.insel-rab.de\/wordpress\/","title":{"rendered":"&#8230;"},"content":{"rendered":"\n<p class=\"has-text-align-center has-normal-font-size\">   <\/p>\n\n\n\n<p><\/p>\n\n\n<p><img loading=\"lazy\" class=\"size-full wp-image-93 aligncenter\" src=\"http:\/\/insel-rab.de\/wordpress\/wp-content\/uploads\/2018\/05\/rab_hk_web1.jpg\" alt=\"\" width=\"425\" height=\"319\" srcset=\"https:\/\/www.insel-rab.de\/wordpress\/wp-content\/uploads\/2018\/05\/rab_hk_web1.jpg 425w, https:\/\/www.insel-rab.de\/wordpress\/wp-content\/uploads\/2018\/05\/rab_hk_web1-300x225.jpg 300w\" sizes=\"(max-width: 425px) 100vw, 425px\" \/><\/p>\n<p><span class=\"text\">W\u00e4hrend der \u00dcberfahrt hat man eine gute Aussicht auf das Velebit-Gebirge, sowie auf die Insel Rab. Diese Seite der Insel ist so gut wie nicht bewachsen und sehr karg. Auch bei Ankunft auf der Insel bietet sich dieses Bild, das sich aber allerdings schlagartig \u00e4ndert sobald man der Stra\u00dfe Richtung Stadt Rab folgt und \u00fcber eine kleine Anh\u00f6he gefahren ist. Von diesem Punkt aus ist die Insel sehr gr\u00fcn.<br>Folgt man der Stra\u00dfe, erreicht man als erstes die Ortschaft Barbat. Hier gibt es sehr viele private Ferienunterk\u00fcnfte, vom einfachen Zimmer bis zur komplett ausgestatteten Ferienwohnung.<br>Dem Stra\u00dfenverlauf weiter folgend, erreicht man die Ortschaft Banjol. Auch hier gibt es unz\u00e4hlige Unterk\u00fcnfte aller Kategorien. Direkt hinter Banjol liegt die Stadt Rab, von hier aus f\u00fchren Stra\u00dfe nach Lopar, Sanmarino, Supertarska Draga, sowie Palit, Suha Punta und Kampor.<\/span><\/p>\n<p>&nbsp;<\/p>","protected":false},"excerpt":{"rendered":"<p>W\u00e4hrend der \u00dcberfahrt hat man eine gute Aussicht auf das Velebit-Gebirge, sowie auf die Insel Rab. Diese Seite der Insel ist so gut wie nicht bewachsen und sehr karg. Auch bei Ankunft auf der Insel bietet sich dieses Bild, das sich aber allerdings schlagartig \u00e4ndert sobald man der Stra\u00dfe Richtung Stadt Rab folgt und \u00fcber &hellip; <a href=\"https:\/\/www.insel-rab.de\/wordpress\/\" class=\"more-link\"><span class=\"screen-reader-text\">&#8230;<\/span> weiterlesen <span class=\"meta-nav\">&rarr;<\/span><\/a><\/p>\n","protected":false},"author":1,"featured_media":0,"parent":0,"menu_order":0,"comment_status":"closed","ping_status":"closed","template":"","meta":{"ngg_post_thumbnail":0},"_links":{"self":[{"href":"https:\/\/www.insel-rab.de\/wordpress\/wp-json\/wp\/v2\/pages\/95"}],"collection":[{"href":"https:\/\/www.insel-rab.de\/wordpress\/wp-json\/wp\/v2\/pages"}],"about":[{"href":"https:\/\/www.insel-rab.de\/wordpress\/wp-json\/wp\/v2\/types\/page"}],"author":[{"embeddable":true,"href":"https:\/\/www.insel-rab.de\/wordpress\/wp-json\/wp\/v2\/users\/1"}],"replies":[{"embeddable":true,"href":"https:\/\/www.insel-rab.de\/wordpress\/wp-json\/wp\/v2\/comments?post=95"}],"version-history":[{"count":10,"href":"https:\/\/www.insel-rab.de\/wordpress\/wp-json\/wp\/v2\/pages\/95\/revisions"}],"predecessor-version":[{"id":449,"href":"https:\/\/www.insel-rab.de\/wordpress\/wp-json\/wp\/v2\/pages\/95\/revisions\/449"}],"wp:attachment":[{"href":"https:\/\/www.insel-rab.de\/wordpress\/wp-json\/wp\/v2\/media?parent=95"}],"curies":[{"name":"wp","href":"https:\/\/api.w.org\/{rel}","templated":true}]}}