{"id":18,"date":"2018-05-23T13:10:13","date_gmt":"2018-05-23T11:10:13","guid":{"rendered":"http:\/\/insel-rab.de\/wordpress\/?page_id=18"},"modified":"2018-07-23T19:13:10","modified_gmt":"2018-07-23T17:13:10","slug":"links","status":"publish","type":"page","link":"https:\/\/www.insel-rab.de\/wordpress\/links\/","title":{"rendered":"Links"},"content":{"rendered":"<h5 style=\"text-align: center;\">Hier finden Sie eine kleine Auswahl an Links<br \/>\nzu Internetseiten die wir ihnen empfehlen k\u00f6nnen<\/h5>\n<p style=\"text-align: center;\"><b>Sch\u00f6ne Unterkunft in Banjol, direkt gegen\u00fcber der Altstadt<br \/>\n<\/b><\/p>\n<p><a href=\"http:\/\/www.apartmani-rab-frigoarba.com\" target=\"_blank\" rel=\"noopener\"><img loading=\"lazy\" class=\"aligncenter wp-image-424 size-full\" src=\"https:\/\/www.insel-rab.de\/wordpress\/wp-content\/uploads\/2018\/07\/apartmani-frigo-arba-1.png\" alt=\"http:\/\/www.apartmani-rab-frigoarba.com\" width=\"450\" height=\"92\" srcset=\"https:\/\/www.insel-rab.de\/wordpress\/wp-content\/uploads\/2018\/07\/apartmani-frigo-arba-1.png 450w, https:\/\/www.insel-rab.de\/wordpress\/wp-content\/uploads\/2018\/07\/apartmani-frigo-arba-1-300x61.png 300w\" sizes=\"(max-width: 450px) 100vw, 450px\" \/><\/a><\/p>\n<p style=\"text-align: center;\"><b><br \/>\nTouristikverband Stadt Rab<br \/>\n<a href=\"http:\/\/www.tzg-rab.hr\/ger\/otok\/\" target=\"_blank\" rel=\"noopener\"><img loading=\"lazy\" class=\"aligncenter\" src=\"https:\/\/www.insel-rab.de\/images\/TZG-Logo.png\" alt=\"Touristikzentrale Rab\" width=\"306\" height=\"81\" border=\"0\"><\/a><\/b><\/p>\n<p style=\"text-align: center;\"><b>Unterkunft mit mehreren Ferienwohnungen in Barbat<br \/>\n<a href=\"http:\/\/www.villaluci-rab.de\/\" target=\"_blank\" rel=\"noopener\"><img loading=\"lazy\" src=\"https:\/\/www.insel-rab.de\/images\/VillaLuciRab.png\" alt=\"www.villaluci-rab.de\" width=\"450\" height=\"47\" border=\"0\"><\/a><\/b><\/p>\n<p style=\"text-align: center;\"><b>Intermerkur &#8211; Weinhandel (und kroatische Lebensmittel)<br \/>\n<a href=\"http:\/\/www.intermerkur.de\/\" target=\"_blank\" rel=\"noopener\"><img src=\"https:\/\/www.insel-rab.de\/images\/intermerkur.jpg\" alt=\"Intermerkur Weinhandel\" width=\"450\" border=\"0\"><\/a><\/b><\/p>\n<p style=\"text-align: center;\"><b>Kroatische Zentrale f\u00fcr Tourismus<br \/>\n<a href=\"http:\/\/www.htz.hr\/Deutsch\/Home\/Naslovna.aspx\" target=\"_blank\" rel=\"noopener\"><img loading=\"lazy\" src=\"https:\/\/www.insel-rab.de\/images\/logo_croatia.gif\" width=\"150\" height=\"66\"><\/a><\/b><\/p>\n<p style=\"text-align: center;\"><b>Kroatische Feinkost<br \/>\n<a href=\"http:\/\/www.kroatische-feinkost.de\/\" target=\"_blank\" rel=\"noopener\"><img class=\"aligncenter\" src=\"https:\/\/www.insel-rab.de\/images\/kroatische_feinkost.gif\" alt=\"Kroatische Feinkost\" border=\"0\"><\/a><\/b><\/p>\n","protected":false},"excerpt":{"rendered":"<p>Hier finden Sie eine kleine Auswahl an Links zu Internetseiten die wir ihnen empfehlen k\u00f6nnen Sch\u00f6ne Unterkunft in Banjol, direkt gegen\u00fcber der Altstadt Touristikverband Stadt Rab Unterkunft mit mehreren Ferienwohnungen in Barbat Intermerkur &#8211; Weinhandel (und kroatische Lebensmittel) Kroatische Zentrale f\u00fcr Tourismus Kroatische Feinkost<\/p>\n","protected":false},"author":1,"featured_media":0,"parent":0,"menu_order":6,"comment_status":"closed","ping_status":"closed","template":"","meta":{"ngg_post_thumbnail":0},"_links":{"self":[{"href":"https:\/\/www.insel-rab.de\/wordpress\/wp-json\/wp\/v2\/pages\/18"}],"collection":[{"href":"https:\/\/www.insel-rab.de\/wordpress\/wp-json\/wp\/v2\/pages"}],"about":[{"href":"https:\/\/www.insel-rab.de\/wordpress\/wp-json\/wp\/v2\/types\/page"}],"author":[{"embeddable":true,"href":"https:\/\/www.insel-rab.de\/wordpress\/wp-json\/wp\/v2\/users\/1"}],"replies":[{"embeddable":true,"href":"https:\/\/www.insel-rab.de\/wordpress\/wp-json\/wp\/v2\/comments?post=18"}],"version-history":[{"count":10,"href":"https:\/\/www.insel-rab.de\/wordpress\/wp-json\/wp\/v2\/pages\/18\/revisions"}],"predecessor-version":[{"id":427,"href":"https:\/\/www.insel-rab.de\/wordpress\/wp-json\/wp\/v2\/pages\/18\/revisions\/427"}],"wp:attachment":[{"href":"https:\/\/www.insel-rab.de\/wordpress\/wp-json\/wp\/v2\/media?parent=18"}],"curies":[{"name":"wp","href":"https:\/\/api.w.org\/{rel}","templated":true}]}}