{"id":14,"date":"2018-05-23T13:09:51","date_gmt":"2018-05-23T11:09:51","guid":{"rendered":"http:\/\/insel-rab.de\/wordpress\/?page_id=14"},"modified":"2018-05-29T10:15:49","modified_gmt":"2018-05-29T08:15:49","slug":"anreise","status":"publish","type":"page","link":"https:\/\/www.insel-rab.de\/wordpress\/anreise\/","title":{"rendered":"Anreise"},"content":{"rendered":"<p><strong>Auto<\/strong><br \/>\n<span class=\"text\">Mit dem Auto fahren Sie von Norden kommend \u00fcber Salzburg, durch Slowenien bis nach Rijeka. Von dort aus geht es \u00fcber die K\u00fcstenstra\u00dfe weiter Richtung S\u00fcden. Dieser Streckenabschnitt ist ca. 130 Km lang. Hat man schon eine l\u00e4ngere Fahrt hinter sich, so ist dies der anstrengenste Teil der Reise. Die Fahrt geht bis zum Ort Stinica von dem aus die F\u00e4hre Richtung Rab f\u00e4hrt. <span style=\"color: #f5f2eb;\"><span style=\"color: #ffffff;\">Dieser Text wurde auf www.insel-rab.de geklaut!<\/span><br \/>\n<span style=\"color: #000000;\">Von der K\u00fcstenstra\u00dfe geht eine, inzwischen gut ausgebaute Stra\u00dfe hinunter zum Anlegepunkt der F\u00e4hre. Je nach Jahres- und Tageszeit sind hier Wartezeiten in Kauf zu nehmen.<\/span><br \/>\n<\/span><\/span><\/p>\n<p><strong>F\u00e4hren<\/strong><br \/>\n<span class=\"text\">Zwischen dem Ort Misnjak (Rab) und Stinica (Festland) verkehrt t\u00e4glich die <a href=\"http:\/\/www.rapska-plovidba.hr\" target=\"_blank\" rel=\"noopener\" name=\"Raspskaplovidba\">Autof\u00e4hre<\/a> in beide Richtungen, die Fahrzeit betr\u00e4gt ca. 20 Minuten.<br \/>\nEine weitere F\u00e4hre verbindet die Ortschaft Lopar auf der Insel Rab mit dem Ort Valbiska auf der Insel Krk. Die F\u00e4hre f\u00e4hrt, je nach Jahreszeit zu unterschiedlichen Zeiten, die Fahrzit dauert ca. 80 Minuten. Einen Fahrplan finden Sie unter dem folgenden Link &#8211;&gt; <a href=\"http:\/\/www.jadrolinija.hr\/docs\/default-source\/2017-red-plovidbe\/338-de.pdf?sfvrsn=2\" target=\"_blank\" rel=\"noopener\">Fahrplan 2017<\/a><br \/>\nMit den Schiffen der <a href=\"http:\/\/www.jadrolinija.hr\" target=\"_blank\" rel=\"noopener\" name=\"Jadrolinija\">Jadrolinija<\/a> bestehen Schiffsverbindungen zwischen Rab, Rijeka und Pag. Mit dem Katamaran ist somit ein Tagelausflug nach Rijeka oder Pag m\u00f6glich.<\/span><\/p>\n<p><strong>Bus<\/strong><br \/>\nMit den Bussen der <a href=\"http:\/\/www.touring.de\" target=\"_blank\" rel=\"noopener\">Eurolines<\/a> kann man von verschiedenen Startpunkten nach Rijeka fahren. Die Fahrt dauert ca. 18 Stunden! Von Rijeka aus kann man dann mit dem Bus von <a href=\"http:\/\/www.autotrans.hr\" target=\"_blank\" rel=\"noopener\">Autotrans<\/a> bis nach Rab fahren.<\/p>\n<p><strong>Flugzeug<\/strong><br \/>\n<span class=\"text\">Wenn Sie lieber fliegen m\u00f6chten &#8211; \u00fcber die g\u00e4ngigen Flugportale finden Sie einige Fluggesellschaften die den Flughafen Rijeka (auf der Insel Krk) anfliegen. D\u00fcsseldorf, K\u00f6ln-Bonn, M\u00fcnster-Osnabr\u00fcck und Stuttgart k\u00f6nnen als Abflugort gew\u00e4hlt werden.<br \/>\nVon der Insel Krk kann man entweder mit der F\u00e4hre nach Lopar \u00fcbersetzen oder man mietet einen Leihwagen. Ein Kleinwagen (z.B. VW Polo) bekommt man schon recht g\u00fcnstig.<br \/>\nAlternativ gibt es noch ein Unternehmen auf Rab (SupetarskaDraga) das einen Transfer per Kleinbus nach Rab anbietet, Telefonnummer bitte per PN im Forum erfragen oder man bucht einen Transfer \u00fcber <a href=\"http:\/\/www.imperial.hr\" target=\"_blank\" rel=\"noopener\">www.imperial.hr<\/a><\/span><\/p>\n<p>&nbsp;<\/p>\n<p><em><span class=\"text2\">Alle Angaben auf dieser Seite ohne Gew\u00e4hr und ohne Anspruch auf Vollst\u00e4ndigkeit!<br \/>\n<\/span><\/em><\/p>\n<p><em><span class=\"text2\">Sie k\u00f6nnen gerne die Texte dieser Seite benutzen, nur w\u00fcnschen wir uns einen kleinen Hinweis, wo der Text verwendet wird.<br \/>\nWir gestalten die Seiten mit viel Aufwand, Textklau m\u00f6gen wir gar nicht!<\/span><\/em><\/p>\n<h4><\/h4>\n","protected":false},"excerpt":{"rendered":"<p>Auto Mit dem Auto fahren Sie von Norden kommend \u00fcber Salzburg, durch Slowenien bis nach Rijeka. Von dort aus geht es \u00fcber die K\u00fcstenstra\u00dfe weiter Richtung S\u00fcden. Dieser Streckenabschnitt ist ca. 130 Km lang. Hat man schon eine l\u00e4ngere Fahrt hinter sich, so ist dies der anstrengenste Teil der Reise. Die Fahrt geht bis zum &hellip; <a href=\"https:\/\/www.insel-rab.de\/wordpress\/anreise\/\" class=\"more-link\"><span class=\"screen-reader-text\">Anreise<\/span> weiterlesen <span class=\"meta-nav\">&rarr;<\/span><\/a><\/p>\n","protected":false},"author":1,"featured_media":0,"parent":0,"menu_order":2,"comment_status":"closed","ping_status":"closed","template":"","meta":{"ngg_post_thumbnail":0},"_links":{"self":[{"href":"https:\/\/www.insel-rab.de\/wordpress\/wp-json\/wp\/v2\/pages\/14"}],"collection":[{"href":"https:\/\/www.insel-rab.de\/wordpress\/wp-json\/wp\/v2\/pages"}],"about":[{"href":"https:\/\/www.insel-rab.de\/wordpress\/wp-json\/wp\/v2\/types\/page"}],"author":[{"embeddable":true,"href":"https:\/\/www.insel-rab.de\/wordpress\/wp-json\/wp\/v2\/users\/1"}],"replies":[{"embeddable":true,"href":"https:\/\/www.insel-rab.de\/wordpress\/wp-json\/wp\/v2\/comments?post=14"}],"version-history":[{"count":7,"href":"https:\/\/www.insel-rab.de\/wordpress\/wp-json\/wp\/v2\/pages\/14\/revisions"}],"predecessor-version":[{"id":143,"href":"https:\/\/www.insel-rab.de\/wordpress\/wp-json\/wp\/v2\/pages\/14\/revisions\/143"}],"wp:attachment":[{"href":"https:\/\/www.insel-rab.de\/wordpress\/wp-json\/wp\/v2\/media?parent=14"}],"curies":[{"name":"wp","href":"https:\/\/api.w.org\/{rel}","templated":true}]}}