{"id":10,"date":"2018-05-23T13:09:18","date_gmt":"2018-05-23T11:09:18","guid":{"rendered":"http:\/\/insel-rab.de\/wordpress\/?page_id=10"},"modified":"2018-05-29T20:48:16","modified_gmt":"2018-05-29T18:48:16","slug":"geschichte","status":"publish","type":"page","link":"https:\/\/www.insel-rab.de\/wordpress\/geschichte\/","title":{"rendered":"Geschichte"},"content":{"rendered":"<p><strong>Insel Rab<\/strong><br \/>\n<span class=\"text\">Der Name der Insel &#8211; Rab, Arbe, Arbia, Arve oder Arba stammt wahrscheinlich von dem illyrischen Wort Arb, was so viel bedeutet wie dunkel, gr\u00fcn, bewaldet. Die Illyrer waren mit die ersten Herrscher auf der Insel, danach kamen Griechen, R\u00f6mer, Bysantiener, Venezier und Ungarisch-Kroatische Herrscher, die alle ihren Einfluss und ihre Spuren auf der Insel hinterlassen haben. Davon zeugen die Stadtmauern, Kirchen, Portale und Pal\u00e4ste an denen sich die unterschiedlichsten Baustile spiegeln.<\/span><\/p>\n<p><span class=\"text\">Kaiser Augustus erhob die Altstadt von Rab, 10 Jahre v. Chr. in den Status eines Municipium, d.h. Stadt mit Selbstverwaltung. Seine Nachfolger erwiesen der Insel mit dem seltenen Titel &#8222;Felix&#8220; die Ehre.\u00a0\u00a0Felix Arba bedeutet soviel wie &#8222;Gl\u00fcckliches Rab&#8220;.<\/span><\/p>\n<p><span class=\"text\">Der als Schutzpatron geltende Hl.Christophorus hat einer Legende nach, im 11. Jahrhundert die Stadt vor den Italonormanen gerettet. Ihm zu Ehren finden allj\u00e4hrlich, am Tag des Hl.Christophorus (27.Juli) die Ritterspiele auf der Insel statt.<\/span><\/p>\n<p><span class=\"text\">Im Jahre 1889 beschloss der Stadtrat, Rab zum Ferien- und Kurort zu erkl\u00e4ren. Die Bl\u00fctezeit des Tourismus erlebte die Insel zwischen den beiden Weltkriegen. K\u00f6nig Edward VIII und seine Gemahlin verweilten im Jahre 1936 auf der Insel und besuchten auch den 2 Jahre zuvor eingeweihten Offiziellen Naturstrand, mit dessen Er\u00f6fnung der Nudismus offiziell auf der Insel begann.<\/span><\/p>\n<p><span class=\"text\">Anfang des 20. Jahrhundert legte Oberf\u00f6rster Pravdoje Belia, oberhalb der Stadt Rab den Park &#8222;Komrcar&#8220; an. Dieser Park besteht zum Grossteil aus jahrhundertealten Kiefern, Tannen, Agaven, Indischen Feigen und l\u00e4dt zu erholsamen, langen Spazierg\u00e4ngen ein. <span style=\"color: #f5f2eb;\">Dieser Text wurde auf www.insel-rab.de geklaut!<\/span><\/span><\/p>\n<p><strong>Kroatien<\/strong><br \/>\n\n<table id=\"tablepress-2\" class=\"tablepress tablepress-id-2\">\n<tbody class=\"row-hover\">\n<tr class=\"row-1 odd\">\n\t<td class=\"column-1\"><b>um 1000 v. Chr.<\/b><\/td><td class=\"column-2\">St\u00e4mme der Illyrer dringen in die Adriaregion ein.<\/td>\n<\/tr>\n<tr class=\"row-2 even\">\n\t<td class=\"column-1\"><b>um 500 v. Chr.<\/b><\/td><td class=\"column-2\">Griechische Handelsfahrer gr\u00fcnden Kolonien auf Vis, Hvar und Korcula.<\/td>\n<\/tr>\n<tr class=\"row-3 odd\">\n\t<td class=\"column-1\"><b>ab 200 v. Chr.<\/b><\/td><td class=\"column-2\"> \t<br \/>\nDer r\u00f6mische Einfluss wird st\u00e4rker, die Provinz Illyricum wird Teil des R\u00f6mischen Reiches.<\/td>\n<\/tr>\n<tr class=\"row-4 even\">\n\t<td class=\"column-1\"><b>395 n. Chr.<\/b><\/td><td class=\"column-2\">Dalmatien f\u00e4llt an das Westr\u00f6mische Reich.<\/td>\n<\/tr>\n<tr class=\"row-5 odd\">\n\t<td class=\"column-1\"><b>ab 6.\/7. Jahrhundert<\/b><\/td><td class=\"column-2\">Landnahme durch die Slawen.<\/td>\n<\/tr>\n<tr class=\"row-6 even\">\n\t<td class=\"column-1\"><b>Mitte 9. Jh.<\/b><\/td><td class=\"column-2\">Im Jahr 925 wird Tomislav zum ersten K\u00f6nig der Kroaten gekr\u00f6nt, eigenes K\u00f6nigreich.<\/td>\n<\/tr>\n<tr class=\"row-7 odd\">\n\t<td class=\"column-1\"><b>1102<\/b><\/td><td class=\"column-2\">Der kroatische Adel geht eine Personalunion mit der ungarischen Krone ein.<\/td>\n<\/tr>\n<tr class=\"row-8 even\">\n\t<td class=\"column-1\"><b>1358<\/b><\/td><td class=\"column-2\">Venedig muss einige K\u00fcstenst\u00e4dte an Ungarn abgeben, die Stadtrepublik Ragusa (Dubrovnik) bleibt unabh\u00e4ngig.<\/td>\n<\/tr>\n<tr class=\"row-9 odd\">\n\t<td class=\"column-1\"><b>13. - 17. Jh.<\/b><\/td><td class=\"column-2\">Dalmatien erlebt unter venezianischer Herrschafft seine Bl\u00fctezeit.<\/td>\n<\/tr>\n<tr class=\"row-10 even\">\n\t<td class=\"column-1\"><b>1806<\/b><\/td><td class=\"column-2\">Napoleon erobert Venedig und \u00fcbernimmt die Macht in Dalmatien.<\/td>\n<\/tr>\n<tr class=\"row-11 odd\">\n\t<td class=\"column-1\"><b>1815<\/b><\/td><td class=\"column-2\">Der Wiener Kongress schl\u00e4gt Dalmatien der k.u.k. Monarchie zu.<\/td>\n<\/tr>\n<tr class=\"row-12 even\">\n\t<td class=\"column-1\"><b>1918<\/b><\/td><td class=\"column-2\"> Ende des ersten Weltkrieges und Zusammenbruch der Habsburger Monarchie. Das K\u00f6nigreich der Serben, Kroaten und Slowenen wird gegr\u00fcndet, die Monarchie besteht bis 1941\/1945.<\/td>\n<\/tr>\n<tr class=\"row-13 odd\">\n\t<td class=\"column-1\"><b>1929<\/b><\/td><td class=\"column-2\">Umbennenung in K\u00f6nigreich Jugoslawien.<\/td>\n<\/tr>\n<tr class=\"row-14 even\">\n\t<td class=\"column-1\"><b>1941<\/b><\/td><td class=\"column-2\">Besetzung Jugoslawiens durch deutsche Truppen. Josip Broz Tito, Generalsekret\u00e4r der damals noch verbotenen Kommunistischen Partei, organisiert einen Partisanenkrieg gegen die Besatzer. Der unabh\u00e4ngige Staat Kroatien (NDH) wird ausgerufen. <\/td>\n<\/tr>\n<tr class=\"row-15 odd\">\n\t<td class=\"column-1\"><b>1945\/1946<\/b><\/td><td class=\"column-2\">Bodenreform mit Enteignung von L\u00e4ndereien.<\/td>\n<\/tr>\n<tr class=\"row-16 even\">\n\t<td class=\"column-1\"><b>1945<\/b><\/td><td class=\"column-2\">Gr\u00fcndung der F\u00f6derativen Volksrepublik Jugoslawiens, Tito \u00fcbernimmt die Regierung.<\/td>\n<\/tr>\n<tr class=\"row-17 odd\">\n\t<td class=\"column-1\"><b>1948<\/b><\/td><td class=\"column-2\">Jugoslawien distanziert sich von Moskau und entwickelt sich zu einem blockfreien, neutralen Staat.<\/td>\n<\/tr>\n<tr class=\"row-18 even\">\n\t<td class=\"column-1\"><b>1953<\/b><\/td><td class=\"column-2\"> Josip Broz Tito wird Staatspr\u00e4sident.<\/td>\n<\/tr>\n<tr class=\"row-19 odd\">\n\t<td class=\"column-1\"><b>1963<\/b><\/td><td class=\"column-2\">Umbennenung in Sozialistische F\u00f6derative Republik Jugoslawien.<\/td>\n<\/tr>\n<tr class=\"row-20 even\">\n\t<td class=\"column-1\"><b>1971<\/b><\/td><td class=\"column-2\">\"Kroatischer Fr\u00fchling\": Die Reformbewegung fordert mehr Rechte und Autonomie f\u00fcr Kroaten; zahlreiche Verhaftungen.<\/td>\n<\/tr>\n<tr class=\"row-21 odd\">\n\t<td class=\"column-1\"><b>1980<\/b><\/td><td class=\"column-2\">Titos Tod, die Spannungen zwischen den einzelnen Teilrepubliken Jugoslawiens versch\u00e4rfen sich.<\/td>\n<\/tr>\n<tr class=\"row-22 even\">\n\t<td class=\"column-1\"><b>1991<\/b><\/td><td class=\"column-2\">Unabh\u00e4ngigkeitserkl\u00e4rung Kroatiens<\/td>\n<\/tr>\n<tr class=\"row-23 odd\">\n\t<td class=\"column-1\"><b>1991-1995<\/b><\/td><td class=\"column-2\"> Blutiger Krieg, serbische Besatzung v.a. des Hinterlandes.<\/td>\n<\/tr>\n<tr class=\"row-24 even\">\n\t<td class=\"column-1\"><b>1992<\/b><\/td><td class=\"column-2\"> Die EU erkennt Kroatien an.<\/td>\n<\/tr>\n<tr class=\"row-25 odd\">\n\t<td class=\"column-1\"><b>2005<\/b><\/td><td class=\"column-2\">Aufnahme der EU-Beitrittsverhandlungen.<\/td>\n<\/tr>\n<tr class=\"row-26 even\">\n\t<td class=\"column-1\"><b>2009<\/b><\/td><td class=\"column-2\">Kroatien wird Vollmitglied der NATO; der konservative Premier Ivo Sanader (HDZ) tritt \u00fcberraschend zur\u00fcck, erstmals \u00fcbernimmt mit seiner Stellvertreterin Jadranka Kosor eine Frau die Regierung.<\/td>\n<\/tr>\n<tr class=\"row-27 odd\">\n\t<td class=\"column-1\"><b>2010<\/b><\/td><td class=\"column-2\">Kroatiens dritter Staatspr\u00e4sident tritt sein Amt an<\/td>\n<\/tr>\n<tr class=\"row-28 even\">\n\t<td class=\"column-1\"><b>2013<\/b><\/td><td class=\"column-2\">Kroatien triit der EU bei.<\/td>\n<\/tr>\n<tr class=\"row-29 odd\">\n\t<td class=\"column-1\"><\/td><td class=\"column-2\">Quelle: <a href=\"javascript:bildatlas();\">DuMont Bildatlas - Kroatische Adriak&uuml;ste -- Danke!<\/font><\/a><br \/>\n<SCRIPT language=JavaScript type=text\/javascript><br \/>\nfunction bildatlas() {<br \/>\n  var f=window.open('bildatlas.html','bildatlas','toolbar=no,location=no,directories=no,status=no,menubar=no,scrollbars=no,resizable=yes,width=500,height=550');<br \/>\n  f.focus();<br \/>\n}<br \/>\n<\/SCRIPT><\/td>\n<\/tr>\n<\/tbody>\n<\/table>\n<!-- #tablepress-2 from cache --><\/p>\n<p><script language=JavaScript type=text\/javascript>\nfunction bildatlas() {\nvar f=window.open('..\/..\/bildatlas.html','bildatlas','toolbar=no,location=no,directories=no,status=no,menubar=no,scrollbars=no,resizable=yes,width=500,height=550');\nf.focus();\n}\n<\/script><\/p>\n","protected":false},"excerpt":{"rendered":"<p>Insel Rab Der Name der Insel &#8211; Rab, Arbe, Arbia, Arve oder Arba stammt wahrscheinlich von dem illyrischen Wort Arb, was so viel bedeutet wie dunkel, gr\u00fcn, bewaldet. Die Illyrer waren mit die ersten Herrscher auf der Insel, danach kamen Griechen, R\u00f6mer, Bysantiener, Venezier und Ungarisch-Kroatische Herrscher, die alle ihren Einfluss und ihre Spuren auf &hellip; <a href=\"https:\/\/www.insel-rab.de\/wordpress\/geschichte\/\" class=\"more-link\"><span class=\"screen-reader-text\">Geschichte<\/span> weiterlesen <span class=\"meta-nav\">&rarr;<\/span><\/a><\/p>\n","protected":false},"author":1,"featured_media":0,"parent":0,"menu_order":1,"comment_status":"closed","ping_status":"closed","template":"","meta":{"ngg_post_thumbnail":0},"_links":{"self":[{"href":"https:\/\/www.insel-rab.de\/wordpress\/wp-json\/wp\/v2\/pages\/10"}],"collection":[{"href":"https:\/\/www.insel-rab.de\/wordpress\/wp-json\/wp\/v2\/pages"}],"about":[{"href":"https:\/\/www.insel-rab.de\/wordpress\/wp-json\/wp\/v2\/types\/page"}],"author":[{"embeddable":true,"href":"https:\/\/www.insel-rab.de\/wordpress\/wp-json\/wp\/v2\/users\/1"}],"replies":[{"embeddable":true,"href":"https:\/\/www.insel-rab.de\/wordpress\/wp-json\/wp\/v2\/comments?post=10"}],"version-history":[{"count":10,"href":"https:\/\/www.insel-rab.de\/wordpress\/wp-json\/wp\/v2\/pages\/10\/revisions"}],"predecessor-version":[{"id":300,"href":"https:\/\/www.insel-rab.de\/wordpress\/wp-json\/wp\/v2\/pages\/10\/revisions\/300"}],"wp:attachment":[{"href":"https:\/\/www.insel-rab.de\/wordpress\/wp-json\/wp\/v2\/media?parent=10"}],"curies":[{"name":"wp","href":"https:\/\/api.w.org\/{rel}","templated":true}]}}